{"id":855,"date":"2024-04-11T17:41:21","date_gmt":"2024-04-11T17:41:21","guid":{"rendered":"https:\/\/agencia.tech\/conceitos\/?page_id=855"},"modified":"2024-04-11T18:08:42","modified_gmt":"2024-04-11T18:08:42","slug":"producao-grafica","status":"publish","type":"page","link":"https:\/\/logikkos.com\/conceitos\/producao-grafica\/","title":{"rendered":"Produ\u00e7\u00e3o Gr\u00e1fica"},"content":{"rendered":"\t\t<div data-elementor-type=\"wp-page\" data-elementor-id=\"855\" class=\"elementor elementor-855\" data-elementor-post-type=\"page\">\n\t\t\t\t<div class=\"elementor-element elementor-element-51055a52 e-flex e-con-boxed e-con e-parent\" data-id=\"51055a52\" data-element_type=\"container\" data-core-v316-plus=\"true\">\n\t\t\t\t\t<div class=\"e-con-inner\">\n\t\t<div class=\"elementor-element elementor-element-66016c1e e-con-full e-flex e-con e-child\" data-id=\"66016c1e\" data-element_type=\"container\">\n\t\t\t\t<div class=\"elementor-element elementor-element-51c8ec31 elementor-widget elementor-widget-heading\" data-id=\"51c8ec31\" data-element_type=\"widget\" data-widget_type=\"heading.default\">\n\t\t\t\t<div class=\"elementor-widget-container\">\n\t\t\t<style>\/*! elementor - v3.20.0 - 20-03-2024 *\/\n.elementor-heading-title{padding:0;margin:0;line-height:1}.elementor-widget-heading .elementor-heading-title[class*=elementor-size-]>a{color:inherit;font-size:inherit;line-height:inherit}.elementor-widget-heading .elementor-heading-title.elementor-size-small{font-size:15px}.elementor-widget-heading .elementor-heading-title.elementor-size-medium{font-size:19px}.elementor-widget-heading .elementor-heading-title.elementor-size-large{font-size:29px}.elementor-widget-heading .elementor-heading-title.elementor-size-xl{font-size:39px}.elementor-widget-heading .elementor-heading-title.elementor-size-xxl{font-size:59px}<\/style><h6 class=\"elementor-heading-title elementor-size-default\">Servi\u00e7os<\/h6>\t\t<\/div>\n\t\t\t\t<\/div>\n\t\t\t\t<div class=\"elementor-element elementor-element-397eaf3e elementor-widget elementor-widget-heading\" data-id=\"397eaf3e\" data-element_type=\"widget\" data-widget_type=\"heading.default\">\n\t\t\t\t<div class=\"elementor-widget-container\">\n\t\t\t<h2 class=\"elementor-heading-title elementor-size-default\">Produ\u00e7\u00e3o Gr\u00e1fica<\/h2>\t\t<\/div>\n\t\t\t\t<\/div>\n\t\t\t\t<div class=\"elementor-element elementor-element-81e0aaa elementor-widget elementor-widget-heading\" data-id=\"81e0aaa\" data-element_type=\"widget\" data-widget_type=\"heading.default\">\n\t\t\t\t<div class=\"elementor-widget-container\">\n\t\t\t<h2 class=\"elementor-heading-title elementor-size-default\">Transforme Ideias em Realidade com o nosso Design e Produ\u00e7\u00e3o Gr\u00e1fica!<\/h2>\t\t<\/div>\n\t\t\t\t<\/div>\n\t\t\t\t<div class=\"elementor-element elementor-element-577f855 elementor-widget elementor-widget-text-editor\" data-id=\"577f855\" data-element_type=\"widget\" data-widget_type=\"text-editor.default\">\n\t\t\t\t<div class=\"elementor-widget-container\">\n\t\t\t<style>\/*! elementor - v3.20.0 - 20-03-2024 *\/\n.elementor-widget-text-editor.elementor-drop-cap-view-stacked .elementor-drop-cap{background-color:#69727d;color:#fff}.elementor-widget-text-editor.elementor-drop-cap-view-framed .elementor-drop-cap{color:#69727d;border:3px solid;background-color:transparent}.elementor-widget-text-editor:not(.elementor-drop-cap-view-default) .elementor-drop-cap{margin-top:8px}.elementor-widget-text-editor:not(.elementor-drop-cap-view-default) .elementor-drop-cap-letter{width:1em;height:1em}.elementor-widget-text-editor .elementor-drop-cap{float:left;text-align:center;line-height:1;font-size:50px}.elementor-widget-text-editor .elementor-drop-cap-letter{display:inline-block}<\/style>\t\t\t\t<div class=\"aux-modern-heading-description\"><p>A primeira impress\u00e3o \u00e9 crucial e o design gr\u00e1fico \u00e9 a chave para causar um impacto duradouro. Oferecemos servi\u00e7os de design gr\u00e1fico personalizados que d\u00e3o vida \u00e0s suas ideias. Do conceito \u00e0 cria\u00e7\u00e3o, trabalhamos para criar designs que comunicam a sua mensagem de maneira eficaz e memor\u00e1vel.<\/p><\/div>\t\t\t\t\t\t<\/div>\n\t\t\t\t<\/div>\n\t\t\t\t<\/div>\n\t\t<div class=\"elementor-element elementor-element-3143d62 e-con-full e-flex e-con e-child\" data-id=\"3143d62\" data-element_type=\"container\">\n\t\t\t\t<div class=\"elementor-element elementor-element-21e63d2f elementor-widget elementor-widget-image\" data-id=\"21e63d2f\" data-element_type=\"widget\" data-widget_type=\"image.default\">\n\t\t\t\t<div class=\"elementor-widget-container\">\n\t\t\t<style>\/*! elementor - v3.20.0 - 20-03-2024 *\/\n.elementor-widget-image{text-align:center}.elementor-widget-image a{display:inline-block}.elementor-widget-image a img[src$=\".svg\"]{width:48px}.elementor-widget-image img{vertical-align:middle;display:inline-block}<\/style>\t\t\t\t\t\t\t\t\t\t<img fetchpriority=\"high\" decoding=\"async\" width=\"1280\" height=\"720\" src=\"https:\/\/logikkos.com\/conceitos\/wp-content\/uploads\/2024\/04\/producao-grafica.webp\" class=\"attachment-full size-full wp-image-865\" alt=\"\" srcset=\"https:\/\/logikkos.com\/conceitos\/wp-content\/uploads\/2024\/04\/producao-grafica.webp 1280w, https:\/\/logikkos.com\/conceitos\/wp-content\/uploads\/2024\/04\/producao-grafica-300x169.webp 300w, https:\/\/logikkos.com\/conceitos\/wp-content\/uploads\/2024\/04\/producao-grafica-1024x576.webp 1024w, https:\/\/logikkos.com\/conceitos\/wp-content\/uploads\/2024\/04\/producao-grafica-768x432.webp 768w\" sizes=\"(max-width: 1280px) 100vw, 1280px\" \/>\t\t\t\t\t\t\t\t\t\t\t\t\t<\/div>\n\t\t\t\t<\/div>\n\t\t\t\t<\/div>\n\t\t\t\t\t<\/div>\n\t\t\t\t<\/div>\n\t\t\t\t<section class=\"elementor-section elementor-top-section elementor-element elementor-element-655034ba elementor-section-boxed elementor-section-height-default elementor-section-height-default\" data-id=\"655034ba\" data-element_type=\"section\">\n\t\t\t\t\t\t<div class=\"elementor-container elementor-column-gap-default\">\n\t\t\t\t\t<div class=\"elementor-column elementor-col-100 elementor-top-column elementor-element elementor-element-211ea196\" data-id=\"211ea196\" data-element_type=\"column\">\n\t\t\t<div class=\"elementor-widget-wrap elementor-element-populated\">\n\t\t\t\t\t\t<div class=\"elementor-element elementor-element-23c2076d elementor-widget elementor-widget-text-editor\" data-id=\"23c2076d\" data-element_type=\"widget\" data-widget_type=\"text-editor.default\">\n\t\t\t\t<div class=\"elementor-widget-container\">\n\t\t\t\t\t\t\t<div class=\"aux-modern-heading-description\"><div class=\"aux-modern-heading-description\"><div class=\"elementor-element elementor-element-6f21291 elementor-widget elementor-widget-text-editor\" data-id=\"6f21291\" data-element_type=\"widget\" data-widget_type=\"text-editor.default\"><div class=\"elementor-widget-container\"><p>Mas n\u00e3o ficamos por a\u00ed. Transformamos seus designs em realidade tang\u00edvel atrav\u00e9s da nossa produ\u00e7\u00e3o gr\u00e1fica de alta qualidade. Produzimos at\u00e9 ao formato 700x100cm em diferentes gramagens. De cart\u00f5es elegantes a cat\u00e1logos sofisticados e embalagens impressionantes, com os mais variados tipos de acabamentos. A criatividade \u00e9 o limite!<\/p><p>Unindo criatividade e produ\u00e7\u00e3o excepcional, trazemos \u00e0 vida uma gama completa de materiais gr\u00e1ficos que refletem a sua vis\u00e3o e elevam a sua marca. Pronto para impressionar? Entre em contato com a Conceitos Diferentes hoje mesmo para descobrir como os nossos servi\u00e7os de design e produ\u00e7\u00e3o gr\u00e1fica podem elevar sua presen\u00e7a visual e impulsionar o seu sucesso.<\/p><\/div><\/div><\/div><\/div>\t\t\t\t\t\t<\/div>\n\t\t\t\t<\/div>\n\t\t\t\t<div class=\"elementor-element elementor-element-4f089b0 elementor-widget elementor-widget-heading\" data-id=\"4f089b0\" data-element_type=\"widget\" data-widget_type=\"heading.default\">\n\t\t\t\t<div class=\"elementor-widget-container\">\n\t\t\t<h2 class=\"elementor-heading-title elementor-size-default\">Publicidade<\/h2>\t\t<\/div>\n\t\t\t\t<\/div>\n\t\t\t\t<div class=\"elementor-element elementor-element-3122c45 elementor-widget elementor-widget-text-editor\" data-id=\"3122c45\" data-element_type=\"widget\" data-widget_type=\"text-editor.default\">\n\t\t\t\t<div class=\"elementor-widget-container\">\n\t\t\t\t\t\t\t<div class=\"elementor-element elementor-element-4889210 elementor-widget elementor-widget-text-editor\" data-id=\"4889210\" data-element_type=\"widget\" data-widget_type=\"text-editor.default\"><div class=\"elementor-widget-container\"><p>Na Conceitos Diferentes, entendemos que cada projeto \u00e9 \u00fanico e merece destaque em todas as etapas. Oferecemos uma ampla gama de servi\u00e7os que abrangem desde o planeamento e design at\u00e9 a produ\u00e7\u00e3o e instala\u00e7\u00e3o, com o \u00fanico objetivo de atender todas as necessidades dos nossos clientes.<\/p><p>A nossa equipa de design est\u00e1 pronta para transformar as suas ideias em realidade impactante. Seja para criar decora\u00e7\u00f5es envolventes em montras, lojas ou viaturas, seja para produzir materiais promocionais como balc\u00f5es, stands e brindes, a nossa miss\u00e3o \u00e9 criar algo que a sua empresa se orgulhe de partilhar com os seus clientes.<\/p><p>Com produ\u00e7\u00e3o pr\u00f3pria em diversos materiais, desde vinil at\u00e9 papel, lona, tela e muito mais, garantimos a m\u00e1xima visibilidade e impacto. Se voc\u00ea busca solu\u00e7\u00f5es luminosas para destacar sua marca, nossos letreiros luminosos e estruturas iluminadas est\u00e3o prontos para impressionar.<\/p><p>Como especialistas em corte, grava\u00e7\u00e3o e montagem, entregamos resultados precisos em materiais como PVC, acr\u00edlico, metal e muito mais. Seja para exposi\u00e7\u00f5es, eventos ou sinaliza\u00e7\u00e3o personalizada, temos solu\u00e7\u00f5es modulares e port\u00e1teis para atender \u00e0s suas necessidades.<\/p><p>Fornecemos tamb\u00e9m solu\u00e7\u00f5es modulares port\u00e1teis de exposi\u00e7\u00e3o, ideais para eventos, feiras e pontos de venda. Com op\u00e7\u00f5es como Roll-up, Stand-Up, Pop-up, X-Banner, Balc\u00f5es Bandeiras e Cavaletes, podemos levar sua marca ao pr\u00f3ximo n\u00edvel.<\/p><p>A nossa dedica\u00e7\u00e3o \u00e0 qualidade e aten\u00e7\u00e3o aos detalhes s\u00e3o evidentes em cada projeto que realizamos. Entre em contato hoje mesmo e descubra como podemos promover a sua marca atrav\u00e9s dos nossos servi\u00e7os de publicidade, que englobam design, impress\u00e3o e montagem. Juntos, vamos transformar as suas ideias em realiza\u00e7\u00f5es incr\u00edveis e memor\u00e1veis!<\/p><\/div><\/div>\t\t\t\t\t\t<\/div>\n\t\t\t\t<\/div>\n\t\t\t\t\t<\/div>\n\t\t<\/div>\n\t\t\t\t\t<\/div>\n\t\t<\/section>\n\t\t\t\t<\/div>\n\t\t","protected":false},"excerpt":{"rendered":"<p>Servi\u00e7os Produ\u00e7\u00e3o Gr\u00e1fica Transforme Ideias em Realidade com o nosso Design e Produ\u00e7\u00e3o Gr\u00e1fica! A primeira impress\u00e3o \u00e9 crucial e o design gr\u00e1fico \u00e9 a chave para causar um impacto duradouro. Oferecemos servi\u00e7os de design gr\u00e1fico personalizados que d\u00e3o vida \u00e0s suas ideias. Do conceito \u00e0 cria\u00e7\u00e3o, trabalhamos para criar designs que comunicam a sua [&hellip;]<\/p>\n","protected":false},"author":1,"featured_media":0,"parent":0,"menu_order":0,"comment_status":"closed","ping_status":"closed","template":"elementor_header_footer","meta":{"footnotes":""},"class_list":["post-855","page","type-page","status-publish","hentry"],"_links":{"self":[{"href":"https:\/\/logikkos.com\/conceitos\/wp-json\/wp\/v2\/pages\/855","targetHints":{"allow":["GET"]}}],"collection":[{"href":"https:\/\/logikkos.com\/conceitos\/wp-json\/wp\/v2\/pages"}],"about":[{"href":"https:\/\/logikkos.com\/conceitos\/wp-json\/wp\/v2\/types\/page"}],"author":[{"embeddable":true,"href":"https:\/\/logikkos.com\/conceitos\/wp-json\/wp\/v2\/users\/1"}],"replies":[{"embeddable":true,"href":"https:\/\/logikkos.com\/conceitos\/wp-json\/wp\/v2\/comments?post=855"}],"version-history":[{"count":7,"href":"https:\/\/logikkos.com\/conceitos\/wp-json\/wp\/v2\/pages\/855\/revisions"}],"predecessor-version":[{"id":870,"href":"https:\/\/logikkos.com\/conceitos\/wp-json\/wp\/v2\/pages\/855\/revisions\/870"}],"wp:attachment":[{"href":"https:\/\/logikkos.com\/conceitos\/wp-json\/wp\/v2\/media?parent=855"}],"curies":[{"name":"wp","href":"https:\/\/api.w.org\/{rel}","templated":true}]}}