{"id":850,"date":"2024-04-11T17:36:51","date_gmt":"2024-04-11T17:36:51","guid":{"rendered":"https:\/\/agencia.tech\/conceitos\/?page_id=850"},"modified":"2024-04-11T18:14:00","modified_gmt":"2024-04-11T18:14:00","slug":"registro-de-marcas","status":"publish","type":"page","link":"https:\/\/logikkos.com\/conceitos\/registro-de-marcas\/","title":{"rendered":"Registro de Marcas"},"content":{"rendered":"\t\t<div data-elementor-type=\"wp-page\" data-elementor-id=\"850\" class=\"elementor elementor-850\" data-elementor-post-type=\"page\">\n\t\t\t\t<div class=\"elementor-element elementor-element-17e31ae4 e-flex e-con-boxed e-con e-parent\" data-id=\"17e31ae4\" data-element_type=\"container\" data-core-v316-plus=\"true\">\n\t\t\t\t\t<div class=\"e-con-inner\">\n\t\t<div class=\"elementor-element elementor-element-1363e4dc e-con-full e-flex e-con e-child\" data-id=\"1363e4dc\" data-element_type=\"container\">\n\t\t\t\t<div class=\"elementor-element elementor-element-40bdbab4 elementor-widget elementor-widget-heading\" data-id=\"40bdbab4\" data-element_type=\"widget\" data-widget_type=\"heading.default\">\n\t\t\t\t<div class=\"elementor-widget-container\">\n\t\t\t<style>\/*! elementor - v3.20.0 - 20-03-2024 *\/\n.elementor-heading-title{padding:0;margin:0;line-height:1}.elementor-widget-heading .elementor-heading-title[class*=elementor-size-]>a{color:inherit;font-size:inherit;line-height:inherit}.elementor-widget-heading .elementor-heading-title.elementor-size-small{font-size:15px}.elementor-widget-heading .elementor-heading-title.elementor-size-medium{font-size:19px}.elementor-widget-heading .elementor-heading-title.elementor-size-large{font-size:29px}.elementor-widget-heading .elementor-heading-title.elementor-size-xl{font-size:39px}.elementor-widget-heading .elementor-heading-title.elementor-size-xxl{font-size:59px}<\/style><h6 class=\"elementor-heading-title elementor-size-default\">Servi\u00e7os<\/h6>\t\t<\/div>\n\t\t\t\t<\/div>\n\t\t\t\t<div class=\"elementor-element elementor-element-658d6a70 elementor-widget elementor-widget-heading\" data-id=\"658d6a70\" data-element_type=\"widget\" data-widget_type=\"heading.default\">\n\t\t\t\t<div class=\"elementor-widget-container\">\n\t\t\t<h2 class=\"elementor-heading-title elementor-size-default\">Registo de Marcas<\/h2>\t\t<\/div>\n\t\t\t\t<\/div>\n\t\t\t\t<div class=\"elementor-element elementor-element-74c4d2c elementor-widget elementor-widget-heading\" data-id=\"74c4d2c\" data-element_type=\"widget\" data-widget_type=\"heading.default\">\n\t\t\t\t<div class=\"elementor-widget-container\">\n\t\t\t<h2 class=\"elementor-heading-title elementor-size-default\">Fortale\u00e7a a sua Identidade com uma Marca Registrada e Protegida!<\/h2>\t\t<\/div>\n\t\t\t\t<\/div>\n\t\t\t\t<div class=\"elementor-element elementor-element-699700db elementor-widget elementor-widget-text-editor\" data-id=\"699700db\" data-element_type=\"widget\" data-widget_type=\"text-editor.default\">\n\t\t\t\t<div class=\"elementor-widget-container\">\n\t\t\t<style>\/*! elementor - v3.20.0 - 20-03-2024 *\/\n.elementor-widget-text-editor.elementor-drop-cap-view-stacked .elementor-drop-cap{background-color:#69727d;color:#fff}.elementor-widget-text-editor.elementor-drop-cap-view-framed .elementor-drop-cap{color:#69727d;border:3px solid;background-color:transparent}.elementor-widget-text-editor:not(.elementor-drop-cap-view-default) .elementor-drop-cap{margin-top:8px}.elementor-widget-text-editor:not(.elementor-drop-cap-view-default) .elementor-drop-cap-letter{width:1em;height:1em}.elementor-widget-text-editor .elementor-drop-cap{float:left;text-align:center;line-height:1;font-size:50px}.elementor-widget-text-editor .elementor-drop-cap-letter{display:inline-block}<\/style>\t\t\t\t<div class=\"aux-modern-heading-description\"><p>Uma marca registada n\u00e3o assegura apenas a sua prote\u00e7\u00e3o, tamb\u00e9m constr\u00f3i credibilidade. Com base nas informa\u00e7\u00f5es fornecidas, tra\u00e7aremos uma estrat\u00e9gia por medida para garantir a seguran\u00e7a da sua marca.<\/p><\/div>\t\t\t\t\t\t<\/div>\n\t\t\t\t<\/div>\n\t\t\t\t<\/div>\n\t\t<div class=\"elementor-element elementor-element-5045142c e-con-full e-flex e-con e-child\" data-id=\"5045142c\" data-element_type=\"container\">\n\t\t\t\t<div class=\"elementor-element elementor-element-741bd8ed elementor-widget elementor-widget-image\" data-id=\"741bd8ed\" data-element_type=\"widget\" data-widget_type=\"image.default\">\n\t\t\t\t<div class=\"elementor-widget-container\">\n\t\t\t<style>\/*! elementor - v3.20.0 - 20-03-2024 *\/\n.elementor-widget-image{text-align:center}.elementor-widget-image a{display:inline-block}.elementor-widget-image a img[src$=\".svg\"]{width:48px}.elementor-widget-image img{vertical-align:middle;display:inline-block}<\/style>\t\t\t\t\t\t\t\t\t\t<img fetchpriority=\"high\" decoding=\"async\" width=\"1280\" height=\"720\" src=\"https:\/\/logikkos.com\/conceitos\/wp-content\/uploads\/2024\/04\/registro-de-marcas.webp\" class=\"attachment-full size-full wp-image-867\" alt=\"\" srcset=\"https:\/\/logikkos.com\/conceitos\/wp-content\/uploads\/2024\/04\/registro-de-marcas.webp 1280w, https:\/\/logikkos.com\/conceitos\/wp-content\/uploads\/2024\/04\/registro-de-marcas-300x169.webp 300w, https:\/\/logikkos.com\/conceitos\/wp-content\/uploads\/2024\/04\/registro-de-marcas-1024x576.webp 1024w, https:\/\/logikkos.com\/conceitos\/wp-content\/uploads\/2024\/04\/registro-de-marcas-768x432.webp 768w\" sizes=\"(max-width: 1280px) 100vw, 1280px\" \/>\t\t\t\t\t\t\t\t\t\t\t\t\t<\/div>\n\t\t\t\t<\/div>\n\t\t\t\t<\/div>\n\t\t\t\t\t<\/div>\n\t\t\t\t<\/div>\n\t\t\t\t<section class=\"elementor-section elementor-top-section elementor-element elementor-element-1be93548 elementor-section-boxed elementor-section-height-default elementor-section-height-default\" data-id=\"1be93548\" data-element_type=\"section\">\n\t\t\t\t\t\t<div class=\"elementor-container elementor-column-gap-default\">\n\t\t\t\t\t<div class=\"elementor-column elementor-col-100 elementor-top-column elementor-element elementor-element-4f362392\" data-id=\"4f362392\" data-element_type=\"column\">\n\t\t\t<div class=\"elementor-widget-wrap elementor-element-populated\">\n\t\t\t\t\t\t<div class=\"elementor-element elementor-element-43132f00 elementor-widget elementor-widget-text-editor\" data-id=\"43132f00\" data-element_type=\"widget\" data-widget_type=\"text-editor.default\">\n\t\t\t\t<div class=\"elementor-widget-container\">\n\t\t\t\t\t\t\t<div class=\"aux-modern-heading-description\"><div class=\"aux-modern-heading-description\"><div class=\"elementor-element elementor-element-6f21291 elementor-widget elementor-widget-text-editor\" data-id=\"6f21291\" data-element_type=\"widget\" data-widget_type=\"text-editor.default\"><div class=\"elementor-widget-container\">De procedimentos legais ao registo e prote\u00e7\u00e3o, a nossa equipa da Conceitos Diferentes gerencia cada etapa. Mantemos uma vigil\u00e2ncia constante ano ap\u00f3s ano para garantir a integridade da sua marca.<\/div><\/div><div>Uma marca registada n\u00e3o s\u00f3 amplia a sua reputa\u00e7\u00e3o junto a clientes e prospects, como tamb\u00e9m transmite confian\u00e7a e profissionalismo. Reforce a sua marca, conquiste a confian\u00e7a dos seus clientes e proteja o seu legado. Entre em contato agora e comece a jornada rumo \u00e0 seguran\u00e7a e credibilidade.<\/div><\/div><\/div>\t\t\t\t\t\t<\/div>\n\t\t\t\t<\/div>\n\t\t\t\t<div class=\"elementor-element elementor-element-552a9be elementor-widget elementor-widget-heading\" data-id=\"552a9be\" data-element_type=\"widget\" data-widget_type=\"heading.default\">\n\t\t\t\t<div class=\"elementor-widget-container\">\n\t\t\t<h2 class=\"elementor-heading-title elementor-size-default\">Proteja a sua marca.<\/h2>\t\t<\/div>\n\t\t\t\t<\/div>\n\t\t\t\t\t<\/div>\n\t\t<\/div>\n\t\t\t\t\t<\/div>\n\t\t<\/section>\n\t\t\t\t<\/div>\n\t\t","protected":false},"excerpt":{"rendered":"<p>Servi\u00e7os Registo de Marcas Fortale\u00e7a a sua Identidade com uma Marca Registrada e Protegida! Uma marca registada n\u00e3o assegura apenas a sua prote\u00e7\u00e3o, tamb\u00e9m constr\u00f3i credibilidade. Com base nas informa\u00e7\u00f5es fornecidas, tra\u00e7aremos uma estrat\u00e9gia por medida para garantir a seguran\u00e7a da sua marca. De procedimentos legais ao registo e prote\u00e7\u00e3o, a nossa equipa da Conceitos [&hellip;]<\/p>\n","protected":false},"author":1,"featured_media":0,"parent":0,"menu_order":0,"comment_status":"closed","ping_status":"closed","template":"elementor_header_footer","meta":{"footnotes":""},"class_list":["post-850","page","type-page","status-publish","hentry"],"_links":{"self":[{"href":"https:\/\/logikkos.com\/conceitos\/wp-json\/wp\/v2\/pages\/850","targetHints":{"allow":["GET"]}}],"collection":[{"href":"https:\/\/logikkos.com\/conceitos\/wp-json\/wp\/v2\/pages"}],"about":[{"href":"https:\/\/logikkos.com\/conceitos\/wp-json\/wp\/v2\/types\/page"}],"author":[{"embeddable":true,"href":"https:\/\/logikkos.com\/conceitos\/wp-json\/wp\/v2\/users\/1"}],"replies":[{"embeddable":true,"href":"https:\/\/logikkos.com\/conceitos\/wp-json\/wp\/v2\/comments?post=850"}],"version-history":[{"count":7,"href":"https:\/\/logikkos.com\/conceitos\/wp-json\/wp\/v2\/pages\/850\/revisions"}],"predecessor-version":[{"id":880,"href":"https:\/\/logikkos.com\/conceitos\/wp-json\/wp\/v2\/pages\/850\/revisions\/880"}],"wp:attachment":[{"href":"https:\/\/logikkos.com\/conceitos\/wp-json\/wp\/v2\/media?parent=850"}],"curies":[{"name":"wp","href":"https:\/\/api.w.org\/{rel}","templated":true}]}}