{"id":837,"date":"2024-04-11T13:25:25","date_gmt":"2024-04-11T13:25:25","guid":{"rendered":"https:\/\/agencia.tech\/conceitos\/?page_id=837"},"modified":"2024-04-11T18:14:31","modified_gmt":"2024-04-11T18:14:31","slug":"marketing-digital","status":"publish","type":"page","link":"https:\/\/logikkos.com\/conceitos\/marketing-digital\/","title":{"rendered":"Marketing Digital"},"content":{"rendered":"\t\t<div data-elementor-type=\"wp-page\" data-elementor-id=\"837\" class=\"elementor elementor-837\" data-elementor-post-type=\"page\">\n\t\t\t\t<div class=\"elementor-element elementor-element-65784828 e-flex e-con-boxed e-con e-parent\" data-id=\"65784828\" data-element_type=\"container\" data-core-v316-plus=\"true\">\n\t\t\t\t\t<div class=\"e-con-inner\">\n\t\t<div class=\"elementor-element elementor-element-3842eff6 e-con-full e-flex e-con e-child\" data-id=\"3842eff6\" data-element_type=\"container\">\n\t\t\t\t<div class=\"elementor-element elementor-element-1c090ade elementor-widget elementor-widget-heading\" data-id=\"1c090ade\" data-element_type=\"widget\" data-widget_type=\"heading.default\">\n\t\t\t\t<div class=\"elementor-widget-container\">\n\t\t\t<style>\/*! elementor - v3.20.0 - 20-03-2024 *\/\n.elementor-heading-title{padding:0;margin:0;line-height:1}.elementor-widget-heading .elementor-heading-title[class*=elementor-size-]>a{color:inherit;font-size:inherit;line-height:inherit}.elementor-widget-heading .elementor-heading-title.elementor-size-small{font-size:15px}.elementor-widget-heading .elementor-heading-title.elementor-size-medium{font-size:19px}.elementor-widget-heading .elementor-heading-title.elementor-size-large{font-size:29px}.elementor-widget-heading .elementor-heading-title.elementor-size-xl{font-size:39px}.elementor-widget-heading .elementor-heading-title.elementor-size-xxl{font-size:59px}<\/style><h6 class=\"elementor-heading-title elementor-size-default\">Servi\u00e7os<\/h6>\t\t<\/div>\n\t\t\t\t<\/div>\n\t\t\t\t<div class=\"elementor-element elementor-element-7455ee14 elementor-widget elementor-widget-heading\" data-id=\"7455ee14\" data-element_type=\"widget\" data-widget_type=\"heading.default\">\n\t\t\t\t<div class=\"elementor-widget-container\">\n\t\t\t<h2 class=\"elementor-heading-title elementor-size-default\">Marketing Digital<\/h2>\t\t<\/div>\n\t\t\t\t<\/div>\n\t\t\t\t<div class=\"elementor-element elementor-element-ed36c67 elementor-widget elementor-widget-heading\" data-id=\"ed36c67\" data-element_type=\"widget\" data-widget_type=\"heading.default\">\n\t\t\t\t<div class=\"elementor-widget-container\">\n\t\t\t<h2 class=\"elementor-heading-title elementor-size-default\">Alcance o topo com visibilidade explosiva, Marcas fortes e Marketing Digital estrat\u00e9gico!<\/h2>\t\t<\/div>\n\t\t\t\t<\/div>\n\t\t\t\t<div class=\"elementor-element elementor-element-334187c2 elementor-widget elementor-widget-text-editor\" data-id=\"334187c2\" data-element_type=\"widget\" data-widget_type=\"text-editor.default\">\n\t\t\t\t<div class=\"elementor-widget-container\">\n\t\t\t<style>\/*! elementor - v3.20.0 - 20-03-2024 *\/\n.elementor-widget-text-editor.elementor-drop-cap-view-stacked .elementor-drop-cap{background-color:#69727d;color:#fff}.elementor-widget-text-editor.elementor-drop-cap-view-framed .elementor-drop-cap{color:#69727d;border:3px solid;background-color:transparent}.elementor-widget-text-editor:not(.elementor-drop-cap-view-default) .elementor-drop-cap{margin-top:8px}.elementor-widget-text-editor:not(.elementor-drop-cap-view-default) .elementor-drop-cap-letter{width:1em;height:1em}.elementor-widget-text-editor .elementor-drop-cap{float:left;text-align:center;line-height:1;font-size:50px}.elementor-widget-text-editor .elementor-drop-cap-letter{display:inline-block}<\/style>\t\t\t\t<div class=\"aux-modern-heading-description\"><p>No cen\u00e1rio atual, altamente competitivo ter um site ou loja online n\u00e3o basta. Para um sucesso mais completo, \u00e9 essencial dominar o digital e conquistar a aten\u00e7\u00e3o dos clientes. Aqui na Conceitos Diferentes usamos uma abordagem comercial agressiva adaptada a si que elevar\u00e1 o seu neg\u00f3cio a novos patamares.<\/p><\/div>\t\t\t\t\t\t<\/div>\n\t\t\t\t<\/div>\n\t\t\t\t<\/div>\n\t\t<div class=\"elementor-element elementor-element-5b3c093e e-con-full e-flex e-con e-child\" data-id=\"5b3c093e\" data-element_type=\"container\">\n\t\t\t\t<div class=\"elementor-element elementor-element-39aea665 elementor-widget elementor-widget-image\" data-id=\"39aea665\" data-element_type=\"widget\" data-widget_type=\"image.default\">\n\t\t\t\t<div class=\"elementor-widget-container\">\n\t\t\t<style>\/*! elementor - v3.20.0 - 20-03-2024 *\/\n.elementor-widget-image{text-align:center}.elementor-widget-image a{display:inline-block}.elementor-widget-image a img[src$=\".svg\"]{width:48px}.elementor-widget-image img{vertical-align:middle;display:inline-block}<\/style>\t\t\t\t\t\t\t\t\t\t<img fetchpriority=\"high\" decoding=\"async\" width=\"1280\" height=\"720\" src=\"https:\/\/logikkos.com\/conceitos\/wp-content\/uploads\/2024\/04\/marketing-digital.webp\" class=\"attachment-full size-full wp-image-863\" alt=\"\" srcset=\"https:\/\/logikkos.com\/conceitos\/wp-content\/uploads\/2024\/04\/marketing-digital.webp 1280w, https:\/\/logikkos.com\/conceitos\/wp-content\/uploads\/2024\/04\/marketing-digital-300x169.webp 300w, https:\/\/logikkos.com\/conceitos\/wp-content\/uploads\/2024\/04\/marketing-digital-1024x576.webp 1024w, https:\/\/logikkos.com\/conceitos\/wp-content\/uploads\/2024\/04\/marketing-digital-768x432.webp 768w\" sizes=\"(max-width: 1280px) 100vw, 1280px\" \/>\t\t\t\t\t\t\t\t\t\t\t\t\t<\/div>\n\t\t\t\t<\/div>\n\t\t\t\t<\/div>\n\t\t\t\t\t<\/div>\n\t\t\t\t<\/div>\n\t\t\t\t<section class=\"elementor-section elementor-top-section elementor-element elementor-element-c69b6e1 elementor-section-boxed elementor-section-height-default elementor-section-height-default\" data-id=\"c69b6e1\" data-element_type=\"section\">\n\t\t\t\t\t\t<div class=\"elementor-container elementor-column-gap-default\">\n\t\t\t\t\t<div class=\"elementor-column elementor-col-100 elementor-top-column elementor-element elementor-element-28e0d58f\" data-id=\"28e0d58f\" data-element_type=\"column\">\n\t\t\t<div class=\"elementor-widget-wrap elementor-element-populated\">\n\t\t\t\t\t\t<div class=\"elementor-element elementor-element-61d9b1d8 elementor-widget elementor-widget-text-editor\" data-id=\"61d9b1d8\" data-element_type=\"widget\" data-widget_type=\"text-editor.default\">\n\t\t\t\t<div class=\"elementor-widget-container\">\n\t\t\t\t\t\t\t<div class=\"aux-modern-heading-description\"><div class=\"aux-modern-heading-description\"><div class=\"elementor-element elementor-element-6f21291 elementor-widget elementor-widget-text-editor\" data-id=\"6f21291\" data-element_type=\"widget\" data-widget_type=\"text-editor.default\"><div class=\"elementor-widget-container\"><p>Imagine atrair um fluxo constante de clientes para a sua plataforma online, prontos para se tornarem entusiastas da marca. Com campanhas de Marketing Digital planeadas, colocamos a sua empresa no mapa digital, atraindo aqueles que procuram os seus produtos.<\/p><p>E n\u00e3o paramos por a\u00ed. Com nossa expertise, influenciamos positivamente a percep\u00e7\u00e3o dos consumidores sobre sua marca. Transformamos a sua marca em algo memor\u00e1vel, refletindo a sua identidade em prol de resultados mensur\u00e1veis.<\/p><p>Unificamos e fortalecemos a mensagem da marca para brilhar com coer\u00eancia. \u00c9 hora de ser a marca que todos recordam e recomendam. Contate-nos para uma jornada de visibilidade. Marcas fortes e Marketing Digital abrem portas!<\/p><p><strong>Desperte Seu Sucesso Online com Google Ads!<\/strong><\/p><p>Quer catapultar o seu neg\u00f3cio para o topo dos resultados de pesquisa? A nossa experiencia em Google Ads \u00e9 a chave. Criamos campanhas altamente eficazes que colocam os seus produtos e servi\u00e7os na frente e no centro do seu p\u00fablico-alvo. Com estrat\u00e9gias de palavras-chave certeiras e segmenta\u00e7\u00e3o precisa, garantimos visibilidade m\u00e1xima e resultados concretos. Liberte o poder do Google Ads para elevar a sua marca e conquistar novos patamares de sucesso.<\/p><p>Aproveite nossa experi\u00eancia em Marketing Digital para iluminar o caminho rumo ao sucesso. Estamos prontos para elevar a sua marca, aumentar visibilidade e impulsionar crescimento. Contate-nos e destaque-se!<\/p><\/div><\/div><\/div><\/div>\t\t\t\t\t\t<\/div>\n\t\t\t\t<\/div>\n\t\t\t\t<div class=\"elementor-element elementor-element-9234291 elementor-widget elementor-widget-heading\" data-id=\"9234291\" data-element_type=\"widget\" data-widget_type=\"heading.default\">\n\t\t\t\t<div class=\"elementor-widget-container\">\n\t\t\t<h2 class=\"elementor-heading-title elementor-size-default\">Descubra como ajudamos marcas a crescer.<\/h2>\t\t<\/div>\n\t\t\t\t<\/div>\n\t\t\t\t\t<\/div>\n\t\t<\/div>\n\t\t\t\t\t<\/div>\n\t\t<\/section>\n\t\t\t\t<\/div>\n\t\t","protected":false},"excerpt":{"rendered":"<p>Servi\u00e7os Marketing Digital Alcance o topo com visibilidade explosiva, Marcas fortes e Marketing Digital estrat\u00e9gico! No cen\u00e1rio atual, altamente competitivo ter um site ou loja online n\u00e3o basta. Para um sucesso mais completo, \u00e9 essencial dominar o digital e conquistar a aten\u00e7\u00e3o dos clientes. Aqui na Conceitos Diferentes usamos uma abordagem comercial agressiva adaptada a [&hellip;]<\/p>\n","protected":false},"author":1,"featured_media":0,"parent":0,"menu_order":0,"comment_status":"closed","ping_status":"closed","template":"elementor_header_footer","meta":{"footnotes":""},"class_list":["post-837","page","type-page","status-publish","hentry"],"_links":{"self":[{"href":"https:\/\/logikkos.com\/conceitos\/wp-json\/wp\/v2\/pages\/837","targetHints":{"allow":["GET"]}}],"collection":[{"href":"https:\/\/logikkos.com\/conceitos\/wp-json\/wp\/v2\/pages"}],"about":[{"href":"https:\/\/logikkos.com\/conceitos\/wp-json\/wp\/v2\/types\/page"}],"author":[{"embeddable":true,"href":"https:\/\/logikkos.com\/conceitos\/wp-json\/wp\/v2\/users\/1"}],"replies":[{"embeddable":true,"href":"https:\/\/logikkos.com\/conceitos\/wp-json\/wp\/v2\/comments?post=837"}],"version-history":[{"count":7,"href":"https:\/\/logikkos.com\/conceitos\/wp-json\/wp\/v2\/pages\/837\/revisions"}],"predecessor-version":[{"id":886,"href":"https:\/\/logikkos.com\/conceitos\/wp-json\/wp\/v2\/pages\/837\/revisions\/886"}],"wp:attachment":[{"href":"https:\/\/logikkos.com\/conceitos\/wp-json\/wp\/v2\/media?parent=837"}],"curies":[{"name":"wp","href":"https:\/\/api.w.org\/{rel}","templated":true}]}}