{"id":832,"date":"2024-04-11T13:22:08","date_gmt":"2024-04-11T13:22:08","guid":{"rendered":"https:\/\/agencia.tech\/conceitos\/?page_id=832"},"modified":"2024-04-11T18:14:43","modified_gmt":"2024-04-11T18:14:43","slug":"lojas-online","status":"publish","type":"page","link":"https:\/\/logikkos.com\/conceitos\/lojas-online\/","title":{"rendered":"Lojas Online"},"content":{"rendered":"\t\t<div data-elementor-type=\"wp-page\" data-elementor-id=\"832\" class=\"elementor elementor-832\" data-elementor-post-type=\"page\">\n\t\t\t\t<div class=\"elementor-element elementor-element-57c7d96f e-flex e-con-boxed e-con e-parent\" data-id=\"57c7d96f\" data-element_type=\"container\" data-core-v316-plus=\"true\">\n\t\t\t\t\t<div class=\"e-con-inner\">\n\t\t<div class=\"elementor-element elementor-element-47d4b8ae e-con-full e-flex e-con e-child\" data-id=\"47d4b8ae\" data-element_type=\"container\">\n\t\t\t\t<div class=\"elementor-element elementor-element-74b20928 elementor-widget elementor-widget-heading\" data-id=\"74b20928\" data-element_type=\"widget\" data-widget_type=\"heading.default\">\n\t\t\t\t<div class=\"elementor-widget-container\">\n\t\t\t<style>\/*! elementor - v3.20.0 - 20-03-2024 *\/\n.elementor-heading-title{padding:0;margin:0;line-height:1}.elementor-widget-heading .elementor-heading-title[class*=elementor-size-]>a{color:inherit;font-size:inherit;line-height:inherit}.elementor-widget-heading .elementor-heading-title.elementor-size-small{font-size:15px}.elementor-widget-heading .elementor-heading-title.elementor-size-medium{font-size:19px}.elementor-widget-heading .elementor-heading-title.elementor-size-large{font-size:29px}.elementor-widget-heading .elementor-heading-title.elementor-size-xl{font-size:39px}.elementor-widget-heading .elementor-heading-title.elementor-size-xxl{font-size:59px}<\/style><h6 class=\"elementor-heading-title elementor-size-default\">Servi\u00e7os<\/h6>\t\t<\/div>\n\t\t\t\t<\/div>\n\t\t\t\t<div class=\"elementor-element elementor-element-276c454e elementor-widget elementor-widget-heading\" data-id=\"276c454e\" data-element_type=\"widget\" data-widget_type=\"heading.default\">\n\t\t\t\t<div class=\"elementor-widget-container\">\n\t\t\t<h2 class=\"elementor-heading-title elementor-size-default\">Lojas Online<\/h2>\t\t<\/div>\n\t\t\t\t<\/div>\n\t\t\t\t<div class=\"elementor-element elementor-element-b012ffc elementor-widget elementor-widget-heading\" data-id=\"b012ffc\" data-element_type=\"widget\" data-widget_type=\"heading.default\">\n\t\t\t\t<div class=\"elementor-widget-container\">\n\t\t\t<h2 class=\"elementor-heading-title elementor-size-default\">Abra as Portas para o Sucesso das Vendas Online com a Nossa Experi\u00eancia!<\/h2>\t\t<\/div>\n\t\t\t\t<\/div>\n\t\t\t\t<div class=\"elementor-element elementor-element-5d9830a3 elementor-widget elementor-widget-text-editor\" data-id=\"5d9830a3\" data-element_type=\"widget\" data-widget_type=\"text-editor.default\">\n\t\t\t\t<div class=\"elementor-widget-container\">\n\t\t\t<style>\/*! elementor - v3.20.0 - 20-03-2024 *\/\n.elementor-widget-text-editor.elementor-drop-cap-view-stacked .elementor-drop-cap{background-color:#69727d;color:#fff}.elementor-widget-text-editor.elementor-drop-cap-view-framed .elementor-drop-cap{color:#69727d;border:3px solid;background-color:transparent}.elementor-widget-text-editor:not(.elementor-drop-cap-view-default) .elementor-drop-cap{margin-top:8px}.elementor-widget-text-editor:not(.elementor-drop-cap-view-default) .elementor-drop-cap-letter{width:1em;height:1em}.elementor-widget-text-editor .elementor-drop-cap{float:left;text-align:center;line-height:1;font-size:50px}.elementor-widget-text-editor .elementor-drop-cap-letter{display:inline-block}<\/style>\t\t\t\t<div class=\"aux-modern-heading-description\"><p>A era das compras online est\u00e1 em pleno vigor, e agora \u00e9 a hora do seu neg\u00f3cio brilhar nesse cen\u00e1rio competitivo. Aqui, na Conceitos Diferentes, desenvolvemos lojas online que n\u00e3o apenas impressionam visualmente, mas tamb\u00e9m oferecem funcionalidades avan\u00e7adas, totalmente responsivas, adaptando-se perfeitamente a todas as plataformas, desde desktops at\u00e9 smartphones.<\/p><\/div>\t\t\t\t\t\t<\/div>\n\t\t\t\t<\/div>\n\t\t\t\t<\/div>\n\t\t<div class=\"elementor-element elementor-element-9208a36 e-con-full e-flex e-con e-child\" data-id=\"9208a36\" data-element_type=\"container\">\n\t\t\t\t<div class=\"elementor-element elementor-element-4d94de3d elementor-widget elementor-widget-image\" data-id=\"4d94de3d\" data-element_type=\"widget\" data-widget_type=\"image.default\">\n\t\t\t\t<div class=\"elementor-widget-container\">\n\t\t\t<style>\/*! elementor - v3.20.0 - 20-03-2024 *\/\n.elementor-widget-image{text-align:center}.elementor-widget-image a{display:inline-block}.elementor-widget-image a img[src$=\".svg\"]{width:48px}.elementor-widget-image img{vertical-align:middle;display:inline-block}<\/style>\t\t\t\t\t\t\t\t\t\t<img fetchpriority=\"high\" decoding=\"async\" width=\"1280\" height=\"720\" src=\"https:\/\/logikkos.com\/conceitos\/wp-content\/uploads\/2024\/04\/lojas-online.webp\" class=\"attachment-full size-full wp-image-862\" alt=\"\" srcset=\"https:\/\/logikkos.com\/conceitos\/wp-content\/uploads\/2024\/04\/lojas-online.webp 1280w, https:\/\/logikkos.com\/conceitos\/wp-content\/uploads\/2024\/04\/lojas-online-300x169.webp 300w, https:\/\/logikkos.com\/conceitos\/wp-content\/uploads\/2024\/04\/lojas-online-1024x576.webp 1024w, https:\/\/logikkos.com\/conceitos\/wp-content\/uploads\/2024\/04\/lojas-online-768x432.webp 768w\" sizes=\"(max-width: 1280px) 100vw, 1280px\" \/>\t\t\t\t\t\t\t\t\t\t\t\t\t<\/div>\n\t\t\t\t<\/div>\n\t\t\t\t<\/div>\n\t\t\t\t\t<\/div>\n\t\t\t\t<\/div>\n\t\t\t\t<section class=\"elementor-section elementor-top-section elementor-element elementor-element-702c79b3 elementor-section-boxed elementor-section-height-default elementor-section-height-default\" data-id=\"702c79b3\" data-element_type=\"section\">\n\t\t\t\t\t\t<div class=\"elementor-container elementor-column-gap-default\">\n\t\t\t\t\t<div class=\"elementor-column elementor-col-100 elementor-top-column elementor-element elementor-element-18e9800a\" data-id=\"18e9800a\" data-element_type=\"column\">\n\t\t\t<div class=\"elementor-widget-wrap elementor-element-populated\">\n\t\t\t\t\t\t<div class=\"elementor-element elementor-element-4fa7f9a9 elementor-widget elementor-widget-text-editor\" data-id=\"4fa7f9a9\" data-element_type=\"widget\" data-widget_type=\"text-editor.default\">\n\t\t\t\t<div class=\"elementor-widget-container\">\n\t\t\t\t\t\t\t<div class=\"aux-modern-heading-description\"><div class=\"aux-modern-heading-description\"><div class=\"elementor-element elementor-element-6f21291 elementor-widget elementor-widget-text-editor\" data-id=\"6f21291\" data-element_type=\"widget\" data-widget_type=\"text-editor.default\"><div class=\"elementor-widget-container\"><p>N\u00e3o importa se os clientes usam um computador de secret\u00e1ria, um laptop, um tablet ou um smartphone \u2013 a sua loja online proporcionar\u00e1 uma experi\u00eancia impec\u00e1vel. Na Conceitos Diferentes tudo fazemos para que o design e a usabilidade sejam igualmente excepcionais em qualquer dispositivo.<\/p><p>Mas a jornada n\u00e3o termina aqui. Come\u00e7a! Com a otimiza\u00e7\u00e3o de mecanismos de busca (SEO), garantimos que a sua loja seja destacada nas pesquisas do Google, Bing, Sapo, Yahoo e muito mais. Isso significa que os seus produtos e servi\u00e7os estar\u00e3o prontos para serem encontrados por aqueles que procuram exatamente aquilo que a sua empresa oferece.<\/p><p>A nossa vasta experi\u00eancia de desenvolvimento com diversos clientes ao longo dos anos permite-nos entender as complexidades das vendas online. Estamos prontos para usar esse conhecimento em seu benef\u00edcio, oferecendo solu\u00e7\u00f5es que t\u00eam o poder de aumentar significativamente o sucesso das suas vendas online.<\/p><p>Chegou o momento de ser um l\u00edder no mundo das vendas online. Vamos construir a loja online dos seus sonhos juntos. Entre em contato conosco hoje e comece a sua jornada em dire\u00e7\u00e3o a uma presen\u00e7a online robusta e resultados de vendas excepcionais!<\/p><\/div><\/div><\/div><\/div>\t\t\t\t\t\t<\/div>\n\t\t\t\t<\/div>\n\t\t\t\t<div class=\"elementor-element elementor-element-0ee0cfc elementor-widget elementor-widget-heading\" data-id=\"0ee0cfc\" data-element_type=\"widget\" data-widget_type=\"heading.default\">\n\t\t\t\t<div class=\"elementor-widget-container\">\n\t\t\t<h2 class=\"elementor-heading-title elementor-size-default\">Diferentes Neg\u00f3cios. Diferentes Abordagens.<\/h2>\t\t<\/div>\n\t\t\t\t<\/div>\n\t\t\t\t\t<\/div>\n\t\t<\/div>\n\t\t\t\t\t<\/div>\n\t\t<\/section>\n\t\t\t\t<\/div>\n\t\t","protected":false},"excerpt":{"rendered":"<p>Servi\u00e7os Lojas Online Abra as Portas para o Sucesso das Vendas Online com a Nossa Experi\u00eancia! A era das compras online est\u00e1 em pleno vigor, e agora \u00e9 a hora do seu neg\u00f3cio brilhar nesse cen\u00e1rio competitivo. Aqui, na Conceitos Diferentes, desenvolvemos lojas online que n\u00e3o apenas impressionam visualmente, mas tamb\u00e9m oferecem funcionalidades avan\u00e7adas, totalmente [&hellip;]<\/p>\n","protected":false},"author":1,"featured_media":0,"parent":0,"menu_order":0,"comment_status":"closed","ping_status":"closed","template":"elementor_header_footer","meta":{"footnotes":""},"class_list":["post-832","page","type-page","status-publish","hentry"],"_links":{"self":[{"href":"https:\/\/logikkos.com\/conceitos\/wp-json\/wp\/v2\/pages\/832","targetHints":{"allow":["GET"]}}],"collection":[{"href":"https:\/\/logikkos.com\/conceitos\/wp-json\/wp\/v2\/pages"}],"about":[{"href":"https:\/\/logikkos.com\/conceitos\/wp-json\/wp\/v2\/types\/page"}],"author":[{"embeddable":true,"href":"https:\/\/logikkos.com\/conceitos\/wp-json\/wp\/v2\/users\/1"}],"replies":[{"embeddable":true,"href":"https:\/\/logikkos.com\/conceitos\/wp-json\/wp\/v2\/comments?post=832"}],"version-history":[{"count":7,"href":"https:\/\/logikkos.com\/conceitos\/wp-json\/wp\/v2\/pages\/832\/revisions"}],"predecessor-version":[{"id":889,"href":"https:\/\/logikkos.com\/conceitos\/wp-json\/wp\/v2\/pages\/832\/revisions\/889"}],"wp:attachment":[{"href":"https:\/\/logikkos.com\/conceitos\/wp-json\/wp\/v2\/media?parent=832"}],"curies":[{"name":"wp","href":"https:\/\/api.w.org\/{rel}","templated":true}]}}