{"id":827,"date":"2024-04-11T13:16:58","date_gmt":"2024-04-11T13:16:58","guid":{"rendered":"https:\/\/agencia.tech\/conceitos\/?page_id=827"},"modified":"2024-04-11T18:12:12","modified_gmt":"2024-04-11T18:12:12","slug":"paginas-de-internet","status":"publish","type":"page","link":"https:\/\/logikkos.com\/conceitos\/paginas-de-internet\/","title":{"rendered":"P\u00e1ginas de Internet"},"content":{"rendered":"\t\t<div data-elementor-type=\"wp-page\" data-elementor-id=\"827\" class=\"elementor elementor-827\" data-elementor-post-type=\"page\">\n\t\t\t\t<div class=\"elementor-element elementor-element-fe86a69 e-flex e-con-boxed e-con e-parent\" data-id=\"fe86a69\" data-element_type=\"container\" data-core-v316-plus=\"true\">\n\t\t\t\t\t<div class=\"e-con-inner\">\n\t\t<div class=\"elementor-element elementor-element-5b6127f e-con-full e-flex e-con e-child\" data-id=\"5b6127f\" data-element_type=\"container\">\n\t\t\t\t<div class=\"elementor-element elementor-element-5fe9bc83 elementor-widget elementor-widget-heading\" data-id=\"5fe9bc83\" data-element_type=\"widget\" data-widget_type=\"heading.default\">\n\t\t\t\t<div class=\"elementor-widget-container\">\n\t\t\t<style>\/*! elementor - v3.20.0 - 20-03-2024 *\/\n.elementor-heading-title{padding:0;margin:0;line-height:1}.elementor-widget-heading .elementor-heading-title[class*=elementor-size-]>a{color:inherit;font-size:inherit;line-height:inherit}.elementor-widget-heading .elementor-heading-title.elementor-size-small{font-size:15px}.elementor-widget-heading .elementor-heading-title.elementor-size-medium{font-size:19px}.elementor-widget-heading .elementor-heading-title.elementor-size-large{font-size:29px}.elementor-widget-heading .elementor-heading-title.elementor-size-xl{font-size:39px}.elementor-widget-heading .elementor-heading-title.elementor-size-xxl{font-size:59px}<\/style><h6 class=\"elementor-heading-title elementor-size-default\">Servi\u00e7os<\/h6>\t\t<\/div>\n\t\t\t\t<\/div>\n\t\t\t\t<div class=\"elementor-element elementor-element-7ce1f35c elementor-widget elementor-widget-heading\" data-id=\"7ce1f35c\" data-element_type=\"widget\" data-widget_type=\"heading.default\">\n\t\t\t\t<div class=\"elementor-widget-container\">\n\t\t\t<h2 class=\"elementor-heading-title elementor-size-default\">P\u00e1ginas de Internet<\/h2>\t\t<\/div>\n\t\t\t\t<\/div>\n\t\t\t\t<div class=\"elementor-element elementor-element-ddca0ef elementor-widget elementor-widget-heading\" data-id=\"ddca0ef\" data-element_type=\"widget\" data-widget_type=\"heading.default\">\n\t\t\t\t<div class=\"elementor-widget-container\">\n\t\t\t<h2 class=\"elementor-heading-title elementor-size-default\">Transforme o seu neg\u00f3cio com uma presen\u00e7a digital forte. Um website atual, r\u00e1pido, seguro e responsivo \u00e9 essencial!<\/h2>\t\t<\/div>\n\t\t\t\t<\/div>\n\t\t\t\t<div class=\"elementor-element elementor-element-3b929081 elementor-widget elementor-widget-text-editor\" data-id=\"3b929081\" data-element_type=\"widget\" data-widget_type=\"text-editor.default\">\n\t\t\t\t<div class=\"elementor-widget-container\">\n\t\t\t<style>\/*! elementor - v3.20.0 - 20-03-2024 *\/\n.elementor-widget-text-editor.elementor-drop-cap-view-stacked .elementor-drop-cap{background-color:#69727d;color:#fff}.elementor-widget-text-editor.elementor-drop-cap-view-framed .elementor-drop-cap{color:#69727d;border:3px solid;background-color:transparent}.elementor-widget-text-editor:not(.elementor-drop-cap-view-default) .elementor-drop-cap{margin-top:8px}.elementor-widget-text-editor:not(.elementor-drop-cap-view-default) .elementor-drop-cap-letter{width:1em;height:1em}.elementor-widget-text-editor .elementor-drop-cap{float:left;text-align:center;line-height:1;font-size:50px}.elementor-widget-text-editor .elementor-drop-cap-letter{display:inline-block}<\/style>\t\t\t\t<div class=\"aux-modern-heading-description\"><p>N\u00e3o existe espa\u00e7o para um neg\u00f3cio que n\u00e3o est\u00e1 presente online. Transforme a presen\u00e7a digital da sua empresa atrav\u00e9s de um website moderno, r\u00e1pido, seguro e totalmente responsivo. Aqui na Conceitos Diferentes, estamos prontos para criar uma vitrine virtual que represente a ess\u00eancia do seu neg\u00f3cio da melhor forma poss\u00edvel.<\/p><\/div>\t\t\t\t\t\t<\/div>\n\t\t\t\t<\/div>\n\t\t\t\t<\/div>\n\t\t<div class=\"elementor-element elementor-element-29eb7f33 e-con-full e-flex e-con e-child\" data-id=\"29eb7f33\" data-element_type=\"container\">\n\t\t\t\t<div class=\"elementor-element elementor-element-647a3acf elementor-widget elementor-widget-image\" data-id=\"647a3acf\" data-element_type=\"widget\" data-widget_type=\"image.default\">\n\t\t\t\t<div class=\"elementor-widget-container\">\n\t\t\t<style>\/*! elementor - v3.20.0 - 20-03-2024 *\/\n.elementor-widget-image{text-align:center}.elementor-widget-image a{display:inline-block}.elementor-widget-image a img[src$=\".svg\"]{width:48px}.elementor-widget-image img{vertical-align:middle;display:inline-block}<\/style>\t\t\t\t\t\t\t\t\t\t<img fetchpriority=\"high\" decoding=\"async\" width=\"1280\" height=\"720\" src=\"https:\/\/logikkos.com\/conceitos\/wp-content\/uploads\/2024\/04\/paginas-de-internet.webp\" class=\"attachment-full size-full wp-image-864\" alt=\"\" srcset=\"https:\/\/logikkos.com\/conceitos\/wp-content\/uploads\/2024\/04\/paginas-de-internet.webp 1280w, https:\/\/logikkos.com\/conceitos\/wp-content\/uploads\/2024\/04\/paginas-de-internet-300x169.webp 300w, https:\/\/logikkos.com\/conceitos\/wp-content\/uploads\/2024\/04\/paginas-de-internet-1024x576.webp 1024w, https:\/\/logikkos.com\/conceitos\/wp-content\/uploads\/2024\/04\/paginas-de-internet-768x432.webp 768w\" sizes=\"(max-width: 1280px) 100vw, 1280px\" \/>\t\t\t\t\t\t\t\t\t\t\t\t\t<\/div>\n\t\t\t\t<\/div>\n\t\t\t\t<\/div>\n\t\t\t\t\t<\/div>\n\t\t\t\t<\/div>\n\t\t\t\t<section class=\"elementor-section elementor-top-section elementor-element elementor-element-6718f1cb elementor-section-boxed elementor-section-height-default elementor-section-height-default\" data-id=\"6718f1cb\" data-element_type=\"section\">\n\t\t\t\t\t\t<div class=\"elementor-container elementor-column-gap-default\">\n\t\t\t\t\t<div class=\"elementor-column elementor-col-100 elementor-top-column elementor-element elementor-element-132254ea\" data-id=\"132254ea\" data-element_type=\"column\">\n\t\t\t<div class=\"elementor-widget-wrap elementor-element-populated\">\n\t\t\t\t\t\t<div class=\"elementor-element elementor-element-2f5be97d elementor-widget elementor-widget-text-editor\" data-id=\"2f5be97d\" data-element_type=\"widget\" data-widget_type=\"text-editor.default\">\n\t\t\t\t<div class=\"elementor-widget-container\">\n\t\t\t\t\t\t\t<div class=\"aux-modern-heading-description\"><div class=\"aux-modern-heading-description\"><div class=\"elementor-element elementor-element-6f21291 elementor-widget elementor-widget-text-editor\" data-id=\"6f21291\" data-element_type=\"widget\" data-widget_type=\"text-editor.default\"><div class=\"elementor-widget-container\"><p>Imagine um site que se adapta a todas as plataformas: desktops, laptops, tablets e smartphones. Com a nossa abordagem de design responsivo, o seu website ser\u00e1 impec\u00e1vel em qualquer dispositivo, garantindo que os visitantes tenham uma experi\u00eancia flu\u00edda e envolvente.<\/p><p>No entanto, n\u00e3o basta apenas ter um site bonito; ele precisa ser encontrado! \u00c9 por isso que mergulhamos na otimiza\u00e7\u00e3o de mecanismos de busca (SEO) para posicionar seu neg\u00f3cio \u00e0 frente e no centro das pesquisas do Google, Bing, Sapo, Yahoo e outros. N\u00e3o perca a oportunidade de ser visto e notado pelo p\u00fablico certo!<\/p><p>Estamos aqui para fazer o seu neg\u00f3cio brilhar online. A nossa equipa experiente e especializada ir\u00e1 criar um website que n\u00e3o apenas represente a sua marca, mas tamb\u00e9m ajude voc\u00ea a conquistar novos clientes. Chegou a hora de dar o pr\u00f3ximo passo e alcan\u00e7ar o sucesso digital. Entre em contato hoje e d\u00ea vida \u00e0 sua vis\u00e3o online!<\/p><\/div><\/div><\/div><\/div>\t\t\t\t\t\t<\/div>\n\t\t\t\t<\/div>\n\t\t\t\t<div class=\"elementor-element elementor-element-aae8ec7 elementor-widget elementor-widget-heading\" data-id=\"aae8ec7\" data-element_type=\"widget\" data-widget_type=\"heading.default\">\n\t\t\t\t<div class=\"elementor-widget-container\">\n\t\t\t<h2 class=\"elementor-heading-title elementor-size-default\">Diferentes Neg\u00f3cios. Diferentes Abordagens.<\/h2>\t\t<\/div>\n\t\t\t\t<\/div>\n\t\t\t\t\t<\/div>\n\t\t<\/div>\n\t\t\t\t\t<\/div>\n\t\t<\/section>\n\t\t\t\t<\/div>\n\t\t","protected":false},"excerpt":{"rendered":"<p>Servi\u00e7os P\u00e1ginas de Internet Transforme o seu neg\u00f3cio com uma presen\u00e7a digital forte. Um website atual, r\u00e1pido, seguro e responsivo \u00e9 essencial! N\u00e3o existe espa\u00e7o para um neg\u00f3cio que n\u00e3o est\u00e1 presente online. Transforme a presen\u00e7a digital da sua empresa atrav\u00e9s de um website moderno, r\u00e1pido, seguro e totalmente responsivo. Aqui na Conceitos Diferentes, estamos [&hellip;]<\/p>\n","protected":false},"author":1,"featured_media":0,"parent":0,"menu_order":0,"comment_status":"closed","ping_status":"closed","template":"elementor_header_footer","meta":{"footnotes":""},"class_list":["post-827","page","type-page","status-publish","hentry"],"_links":{"self":[{"href":"https:\/\/logikkos.com\/conceitos\/wp-json\/wp\/v2\/pages\/827","targetHints":{"allow":["GET"]}}],"collection":[{"href":"https:\/\/logikkos.com\/conceitos\/wp-json\/wp\/v2\/pages"}],"about":[{"href":"https:\/\/logikkos.com\/conceitos\/wp-json\/wp\/v2\/types\/page"}],"author":[{"embeddable":true,"href":"https:\/\/logikkos.com\/conceitos\/wp-json\/wp\/v2\/users\/1"}],"replies":[{"embeddable":true,"href":"https:\/\/logikkos.com\/conceitos\/wp-json\/wp\/v2\/comments?post=827"}],"version-history":[{"count":7,"href":"https:\/\/logikkos.com\/conceitos\/wp-json\/wp\/v2\/pages\/827\/revisions"}],"predecessor-version":[{"id":876,"href":"https:\/\/logikkos.com\/conceitos\/wp-json\/wp\/v2\/pages\/827\/revisions\/876"}],"wp:attachment":[{"href":"https:\/\/logikkos.com\/conceitos\/wp-json\/wp\/v2\/media?parent=827"}],"curies":[{"name":"wp","href":"https:\/\/api.w.org\/{rel}","templated":true}]}}