{"id":140,"date":"2024-03-21T19:33:24","date_gmt":"2024-03-21T19:33:24","guid":{"rendered":"https:\/\/agencia.tech\/conceitos\/?page_id=140"},"modified":"2024-05-02T20:53:11","modified_gmt":"2024-05-02T20:53:11","slug":"ideias","status":"publish","type":"page","link":"https:\/\/logikkos.com\/conceitos\/ideias\/","title":{"rendered":"Ideias"},"content":{"rendered":"\t\t<div data-elementor-type=\"wp-page\" data-elementor-id=\"140\" class=\"elementor elementor-140\" data-elementor-post-type=\"page\">\n\t\t\t\t<div class=\"elementor-element elementor-element-d317eb1 e-flex e-con-boxed e-con e-parent\" data-id=\"d317eb1\" data-element_type=\"container\" data-core-v316-plus=\"true\">\n\t\t\t\t\t<div class=\"e-con-inner\">\n\t\t\t\t<div class=\"elementor-element elementor-element-343f6d3 elementor-widget elementor-widget-heading\" data-id=\"343f6d3\" data-element_type=\"widget\" data-widget_type=\"heading.default\">\n\t\t\t\t<div class=\"elementor-widget-container\">\n\t\t\t<style>\/*! elementor - v3.20.0 - 20-03-2024 *\/\n.elementor-heading-title{padding:0;margin:0;line-height:1}.elementor-widget-heading .elementor-heading-title[class*=elementor-size-]>a{color:inherit;font-size:inherit;line-height:inherit}.elementor-widget-heading .elementor-heading-title.elementor-size-small{font-size:15px}.elementor-widget-heading .elementor-heading-title.elementor-size-medium{font-size:19px}.elementor-widget-heading .elementor-heading-title.elementor-size-large{font-size:29px}.elementor-widget-heading .elementor-heading-title.elementor-size-xl{font-size:39px}.elementor-widget-heading .elementor-heading-title.elementor-size-xxl{font-size:59px}<\/style><h2 class=\"elementor-heading-title elementor-size-default\">Ideias<\/h2>\t\t<\/div>\n\t\t\t\t<\/div>\n\t\t\t\t<div class=\"elementor-element elementor-element-a6e454e elementor-grid-3 elementor-grid-tablet-2 elementor-grid-mobile-1 elementor-posts--thumbnail-top elementor-card-shadow-yes elementor-posts__hover-gradient elementor-widget elementor-widget-posts\" data-id=\"a6e454e\" data-element_type=\"widget\" data-settings=\"{&quot;pagination_type&quot;:&quot;load_more_infinite_scroll&quot;,&quot;cards_columns&quot;:&quot;3&quot;,&quot;cards_columns_tablet&quot;:&quot;2&quot;,&quot;cards_columns_mobile&quot;:&quot;1&quot;,&quot;cards_row_gap&quot;:{&quot;unit&quot;:&quot;px&quot;,&quot;size&quot;:35,&quot;sizes&quot;:[]},&quot;cards_row_gap_tablet&quot;:{&quot;unit&quot;:&quot;px&quot;,&quot;size&quot;:&quot;&quot;,&quot;sizes&quot;:[]},&quot;cards_row_gap_mobile&quot;:{&quot;unit&quot;:&quot;px&quot;,&quot;size&quot;:&quot;&quot;,&quot;sizes&quot;:[]},&quot;load_more_spinner&quot;:{&quot;value&quot;:&quot;fas fa-spinner&quot;,&quot;library&quot;:&quot;fa-solid&quot;}}\" data-widget_type=\"posts.cards\">\n\t\t\t\t<div class=\"elementor-widget-container\">\n\t\t\t<link rel=\"stylesheet\" href=\"https:\/\/logikkos.com\/conceitos\/wp-content\/plugins\/pro-elements\/assets\/css\/widget-posts.min.css\">\t\t<div class=\"elementor-posts-container elementor-posts elementor-posts--skin-cards elementor-grid\">\n\t\t\t\t<article class=\"elementor-post elementor-grid-item post-1019 post type-post status-publish format-standard has-post-thumbnail hentry category-sem-categoria\">\n\t\t\t<div class=\"elementor-post__card\">\n\t\t\t\t<a class=\"elementor-post__thumbnail__link\" href=\"https:\/\/logikkos.com\/conceitos\/2024\/05\/02\/evite-coimas-divulgacao-do-preco-das-chamadas\/\" tabindex=\"-1\" ><div class=\"elementor-post__thumbnail\"><img fetchpriority=\"high\" decoding=\"async\" width=\"1024\" height=\"593\" src=\"https:\/\/logikkos.com\/conceitos\/wp-content\/uploads\/2024\/05\/02-LINHAS-TELEFONICAS-1024x593-1.jpg\" class=\"attachment-full size-full wp-image-1020\" alt=\"\" srcset=\"https:\/\/logikkos.com\/conceitos\/wp-content\/uploads\/2024\/05\/02-LINHAS-TELEFONICAS-1024x593-1.jpg 1024w, https:\/\/logikkos.com\/conceitos\/wp-content\/uploads\/2024\/05\/02-LINHAS-TELEFONICAS-1024x593-1-300x174.jpg 300w, https:\/\/logikkos.com\/conceitos\/wp-content\/uploads\/2024\/05\/02-LINHAS-TELEFONICAS-1024x593-1-768x445.jpg 768w\" sizes=\"(max-width: 1024px) 100vw, 1024px\" \/><\/div><\/a>\n\t\t\t\t<div class=\"elementor-post__badge\">Sem Categoria<\/div>\n\t\t\t\t<div class=\"elementor-post__text\">\n\t\t\t\t<h3 class=\"elementor-post__title\">\n\t\t\t<a href=\"https:\/\/logikkos.com\/conceitos\/2024\/05\/02\/evite-coimas-divulgacao-do-preco-das-chamadas\/\" >\n\t\t\t\tEvite coimas \u2013 Divulga\u00e7\u00e3o do pre\u00e7o das chamadas\t\t\t<\/a>\n\t\t<\/h3>\n\t\t\t\t<\/div>\n\t\t\t\t\t<\/div>\n\t\t<\/article>\n\t\t\t\t<article class=\"elementor-post elementor-grid-item post-1014 post type-post status-publish format-standard has-post-thumbnail hentry category-sem-categoria\">\n\t\t\t<div class=\"elementor-post__card\">\n\t\t\t\t<a class=\"elementor-post__thumbnail__link\" href=\"https:\/\/logikkos.com\/conceitos\/2024\/05\/02\/a-importancia-do-marketing-digital\/\" tabindex=\"-1\" ><div class=\"elementor-post__thumbnail\"><img decoding=\"async\" width=\"1024\" height=\"593\" src=\"https:\/\/logikkos.com\/conceitos\/wp-content\/uploads\/2024\/05\/01-marketing-1-1024x593-1.jpg\" class=\"attachment-full size-full wp-image-1015\" alt=\"\" srcset=\"https:\/\/logikkos.com\/conceitos\/wp-content\/uploads\/2024\/05\/01-marketing-1-1024x593-1.jpg 1024w, https:\/\/logikkos.com\/conceitos\/wp-content\/uploads\/2024\/05\/01-marketing-1-1024x593-1-300x174.jpg 300w, https:\/\/logikkos.com\/conceitos\/wp-content\/uploads\/2024\/05\/01-marketing-1-1024x593-1-768x445.jpg 768w\" sizes=\"(max-width: 1024px) 100vw, 1024px\" \/><\/div><\/a>\n\t\t\t\t<div class=\"elementor-post__badge\">Sem Categoria<\/div>\n\t\t\t\t<div class=\"elementor-post__text\">\n\t\t\t\t<h3 class=\"elementor-post__title\">\n\t\t\t<a href=\"https:\/\/logikkos.com\/conceitos\/2024\/05\/02\/a-importancia-do-marketing-digital\/\" >\n\t\t\t\tA import\u00e2ncia do Marketing Digital\t\t\t<\/a>\n\t\t<\/h3>\n\t\t\t\t<\/div>\n\t\t\t\t\t<\/div>\n\t\t<\/article>\n\t\t\t\t<article class=\"elementor-post elementor-grid-item post-1008 post type-post status-publish format-standard has-post-thumbnail hentry category-sem-categoria\">\n\t\t\t<div class=\"elementor-post__card\">\n\t\t\t\t<a class=\"elementor-post__thumbnail__link\" href=\"https:\/\/logikkos.com\/conceitos\/2024\/05\/02\/1008\/\" tabindex=\"-1\" ><div class=\"elementor-post__thumbnail\"><img decoding=\"async\" width=\"1024\" height=\"1024\" src=\"https:\/\/logikkos.com\/conceitos\/wp-content\/uploads\/2024\/05\/APOIO-AS-EMPRESAS-2-1024x1024-1.jpg\" class=\"attachment-full size-full wp-image-1010\" alt=\"\" srcset=\"https:\/\/logikkos.com\/conceitos\/wp-content\/uploads\/2024\/05\/APOIO-AS-EMPRESAS-2-1024x1024-1.jpg 1024w, https:\/\/logikkos.com\/conceitos\/wp-content\/uploads\/2024\/05\/APOIO-AS-EMPRESAS-2-1024x1024-1-300x300.jpg 300w, https:\/\/logikkos.com\/conceitos\/wp-content\/uploads\/2024\/05\/APOIO-AS-EMPRESAS-2-1024x1024-1-150x150.jpg 150w, https:\/\/logikkos.com\/conceitos\/wp-content\/uploads\/2024\/05\/APOIO-AS-EMPRESAS-2-1024x1024-1-768x768.jpg 768w\" sizes=\"(max-width: 1024px) 100vw, 1024px\" \/><\/div><\/a>\n\t\t\t\t<div class=\"elementor-post__badge\">Sem Categoria<\/div>\n\t\t\t\t<div class=\"elementor-post__text\">\n\t\t\t\t<h3 class=\"elementor-post__title\">\n\t\t\t<a href=\"https:\/\/logikkos.com\/conceitos\/2024\/05\/02\/1008\/\" >\n\t\t\t\tMove PME \u2013 Apoios Financiados\t\t\t<\/a>\n\t\t<\/h3>\n\t\t\t\t<\/div>\n\t\t\t\t\t<\/div>\n\t\t<\/article>\n\t\t\t\t<article class=\"elementor-post elementor-grid-item post-995 post type-post status-publish format-standard has-post-thumbnail hentry category-sem-categoria\">\n\t\t\t<div class=\"elementor-post__card\">\n\t\t\t\t<a class=\"elementor-post__thumbnail__link\" href=\"https:\/\/logikkos.com\/conceitos\/2024\/05\/02\/nova-imagem\/\" tabindex=\"-1\" ><div class=\"elementor-post__thumbnail\"><img loading=\"lazy\" decoding=\"async\" width=\"550\" height=\"550\" src=\"https:\/\/logikkos.com\/conceitos\/wp-content\/uploads\/2024\/05\/blog1-1.jpg\" class=\"attachment-full size-full wp-image-996\" alt=\"\" srcset=\"https:\/\/logikkos.com\/conceitos\/wp-content\/uploads\/2024\/05\/blog1-1.jpg 550w, https:\/\/logikkos.com\/conceitos\/wp-content\/uploads\/2024\/05\/blog1-1-300x300.jpg 300w, https:\/\/logikkos.com\/conceitos\/wp-content\/uploads\/2024\/05\/blog1-1-150x150.jpg 150w\" sizes=\"(max-width: 550px) 100vw, 550px\" \/><\/div><\/a>\n\t\t\t\t<div class=\"elementor-post__badge\">Sem Categoria<\/div>\n\t\t\t\t<div class=\"elementor-post__text\">\n\t\t\t\t<h3 class=\"elementor-post__title\">\n\t\t\t<a href=\"https:\/\/logikkos.com\/conceitos\/2024\/05\/02\/nova-imagem\/\" >\n\t\t\t\tNova Imagem\t\t\t<\/a>\n\t\t<\/h3>\n\t\t\t\t<\/div>\n\t\t\t\t\t<\/div>\n\t\t<\/article>\n\t\t\t\t<article class=\"elementor-post elementor-grid-item post-804 post type-post status-publish format-standard has-post-thumbnail hentry category-website\">\n\t\t\t<div class=\"elementor-post__card\">\n\t\t\t\t<a class=\"elementor-post__thumbnail__link\" href=\"https:\/\/logikkos.com\/conceitos\/2024\/04\/09\/o-design-responsivo-adaptacao-as-necessidades-digitais\/\" tabindex=\"-1\" ><div class=\"elementor-post__thumbnail\"><img loading=\"lazy\" decoding=\"async\" width=\"1536\" height=\"1024\" src=\"https:\/\/logikkos.com\/conceitos\/wp-content\/uploads\/2024\/04\/3126038-1536x1024-1.jpg\" class=\"attachment-full size-full wp-image-1017\" alt=\"\" srcset=\"https:\/\/logikkos.com\/conceitos\/wp-content\/uploads\/2024\/04\/3126038-1536x1024-1.jpg 1536w, https:\/\/logikkos.com\/conceitos\/wp-content\/uploads\/2024\/04\/3126038-1536x1024-1-300x200.jpg 300w, https:\/\/logikkos.com\/conceitos\/wp-content\/uploads\/2024\/04\/3126038-1536x1024-1-1024x683.jpg 1024w, https:\/\/logikkos.com\/conceitos\/wp-content\/uploads\/2024\/04\/3126038-1536x1024-1-768x512.jpg 768w\" sizes=\"(max-width: 1536px) 100vw, 1536px\" \/><\/div><\/a>\n\t\t\t\t<div class=\"elementor-post__badge\">Website<\/div>\n\t\t\t\t<div class=\"elementor-post__text\">\n\t\t\t\t<h3 class=\"elementor-post__title\">\n\t\t\t<a href=\"https:\/\/logikkos.com\/conceitos\/2024\/04\/09\/o-design-responsivo-adaptacao-as-necessidades-digitais\/\" >\n\t\t\t\tO Design Responsivo: Adapta\u00e7\u00e3o \u00e0s Necessidades Digitais\t\t\t<\/a>\n\t\t<\/h3>\n\t\t\t\t<\/div>\n\t\t\t\t\t<\/div>\n\t\t<\/article>\n\t\t\t\t<\/div>\n\t\t\t\t\t<span class=\"e-load-more-spinner\">\n\t\t\t\t<svg aria-hidden=\"true\" class=\"e-font-icon-svg e-fas-spinner\" viewBox=\"0 0 512 512\" xmlns=\"http:\/\/www.w3.org\/2000\/svg\"><path d=\"M304 48c0 26.51-21.49 48-48 48s-48-21.49-48-48 21.49-48 48-48 48 21.49 48 48zm-48 368c-26.51 0-48 21.49-48 48s21.49 48 48 48 48-21.49 48-48-21.49-48-48-48zm208-208c-26.51 0-48 21.49-48 48s21.49 48 48 48 48-21.49 48-48-21.49-48-48-48zM96 256c0-26.51-21.49-48-48-48S0 229.49 0 256s21.49 48 48 48 48-21.49 48-48zm12.922 99.078c-26.51 0-48 21.49-48 48s21.49 48 48 48 48-21.49 48-48c0-26.509-21.491-48-48-48zm294.156 0c-26.51 0-48 21.49-48 48s21.49 48 48 48 48-21.49 48-48c0-26.509-21.49-48-48-48zM108.922 60.922c-26.51 0-48 21.49-48 48s21.49 48 48 48 48-21.49 48-48-21.491-48-48-48z\"><\/path><\/svg>\t\t\t<\/span>\n\t\t\n\t\t\t\t<\/div>\n\t\t\t\t<\/div>\n\t\t\t\t\t<\/div>\n\t\t\t\t<\/div>\n\t\t\t\t<\/div>\n\t\t","protected":false},"excerpt":{"rendered":"<p>Ideias<\/p>\n","protected":false},"author":1,"featured_media":0,"parent":0,"menu_order":0,"comment_status":"closed","ping_status":"closed","template":"elementor_header_footer","meta":{"footnotes":""},"class_list":["post-140","page","type-page","status-publish","hentry"],"_links":{"self":[{"href":"https:\/\/logikkos.com\/conceitos\/wp-json\/wp\/v2\/pages\/140","targetHints":{"allow":["GET"]}}],"collection":[{"href":"https:\/\/logikkos.com\/conceitos\/wp-json\/wp\/v2\/pages"}],"about":[{"href":"https:\/\/logikkos.com\/conceitos\/wp-json\/wp\/v2\/types\/page"}],"author":[{"embeddable":true,"href":"https:\/\/logikkos.com\/conceitos\/wp-json\/wp\/v2\/users\/1"}],"replies":[{"embeddable":true,"href":"https:\/\/logikkos.com\/conceitos\/wp-json\/wp\/v2\/comments?post=140"}],"version-history":[{"count":4,"href":"https:\/\/logikkos.com\/conceitos\/wp-json\/wp\/v2\/pages\/140\/revisions"}],"predecessor-version":[{"id":1093,"href":"https:\/\/logikkos.com\/conceitos\/wp-json\/wp\/v2\/pages\/140\/revisions\/1093"}],"wp:attachment":[{"href":"https:\/\/logikkos.com\/conceitos\/wp-json\/wp\/v2\/media?parent=140"}],"curies":[{"name":"wp","href":"https:\/\/api.w.org\/{rel}","templated":true}]}}